{"id":52,"date":"2019-12-13T13:40:05","date_gmt":"2019-12-13T13:40:05","guid":{"rendered":"https:\/\/aluminisanoia.es\/?page_id=52"},"modified":"2019-12-20T11:13:40","modified_gmt":"2019-12-20T11:13:40","slug":"mosquiteres-i-mampares","status":"publish","type":"page","link":"https:\/\/aluminisanoia.es\/es\/mosquiteres-i-mampares\/","title":{"rendered":"Mosquiteras y Mamparas"},"content":{"rendered":"<h2 class=\"wp-block-heading\">Productos<\/h2>\n\n\n\n<h2 class=\"wp-block-heading\" id=\"title1-mosquiteras\">Mosquiteras Enrollables y Fijas<\/h2>\n\n\n\n<p><p>Las mosquiteras son una ayuda  eficaz para librarse de los insectos y el polen en las casas. Existe una variedad de opciones (fijas, enrollables, abatibles, correderas\u2026) y  gama de colores para cada proyecto.<\/p><p> La idea es evitar la compa\u00f1\u00eda de moscas y mosquitos sin recurrir a los insecticidas, para poder disfrutar de una buena ventilaci\u00f3n sin temor a insectos y peque\u00f1os reptiles.<\/p><\/p>\n\n\n\n<figure class=\"wp-block-image\"><img decoding=\"async\" src=\"https:\/\/web.archive.org\/web\/20180901060928im_\/http:\/\/aluminisanoia.com\/\/wp-content\/uploads\/2018\/05\/mosquitera-300x120.png\" alt=\"\" class=\"wp-image-152\"\/><\/figure>\n\n\n\n<h2 class=\"wp-block-heading\" id=\"title2-mosquiteras\">Mamparas de ba\u00f1o<\/h2>\n\n\n\n<p>Consiste en una estructura transparente o trasl\u00facida que sirve para separar el interior de la ducha o ba\u00f1era del resto de la habitaci\u00f3n. Est\u00e1 fabricada en cristal o en pl\u00e1stico trasl\u00facido montado sobre una estructura r\u00edgida de aluminio. Se puede elegir entre diferentes colores, proporcionan una individualizaci\u00f3n m\u00e1s perfecta y m\u00e1s higi\u00e9nica, y son m\u00e1s f\u00e1ciles de limpiar. Existen varios tipos de mamparas ya pueden ser de una hoja fija, hoja plegable, hojas correderas, enrollables, etc.<\/p>\n\n\n\n<figure class=\"wp-block-image\"><img decoding=\"async\" src=\"https:\/\/web.archive.org\/web\/20180901060928im_\/http:\/\/aluminisanoia.com\/\/wp-content\/uploads\/2018\/05\/mamparas-300x162.png\" alt=\"\"\/><\/figure>","protected":false},"excerpt":{"rendered":"<p>Productes Mosquiteres Enrotllables i Fixes Les mosquiteres s\u00f3n una ajuda efica\u00e7 per lliurar-se dels insectes i el pol\u2022len a les cases. Existeix una varietat d&#8217;opcions (fixes, enrotllables, abatibles, corredisses\u2026) i gamma de colors per a cada projecte. La idea \u00e9s evitar la companyia de mosques i mosquits sense rec\u00f3rrer a els insecticides, per poder gaudir &hellip; <\/p>\n<p class=\"link-more\"><a href=\"https:\/\/aluminisanoia.es\/es\/mosquiteres-i-mampares\/\" class=\"more-link\">Continuar leyendo<span class=\"screen-reader-text\"> &#8220;Mosquiteres i Mampares&#8221;<\/span><\/a><\/p>","protected":false},"author":1,"featured_media":0,"parent":0,"menu_order":0,"comment_status":"closed","ping_status":"closed","template":"","meta":{"footnotes":""},"class_list":["post-52","page","type-page","status-publish","hentry"],"_links":{"self":[{"href":"https:\/\/aluminisanoia.es\/es\/wp-json\/wp\/v2\/pages\/52","targetHints":{"allow":["GET"]}}],"collection":[{"href":"https:\/\/aluminisanoia.es\/es\/wp-json\/wp\/v2\/pages"}],"about":[{"href":"https:\/\/aluminisanoia.es\/es\/wp-json\/wp\/v2\/types\/page"}],"author":[{"embeddable":true,"href":"https:\/\/aluminisanoia.es\/es\/wp-json\/wp\/v2\/users\/1"}],"replies":[{"embeddable":true,"href":"https:\/\/aluminisanoia.es\/es\/wp-json\/wp\/v2\/comments?post=52"}],"version-history":[{"count":4,"href":"https:\/\/aluminisanoia.es\/es\/wp-json\/wp\/v2\/pages\/52\/revisions"}],"predecessor-version":[{"id":566,"href":"https:\/\/aluminisanoia.es\/es\/wp-json\/wp\/v2\/pages\/52\/revisions\/566"}],"wp:attachment":[{"href":"https:\/\/aluminisanoia.es\/es\/wp-json\/wp\/v2\/media?parent=52"}],"curies":[{"name":"wp","href":"https:\/\/api.w.org\/{rel}","templated":true}]}}