{"id":141,"date":"2019-12-13T11:57:52","date_gmt":"2019-12-13T11:57:52","guid":{"rendered":"https:\/\/aluminisanoia.es\/?page_id=141"},"modified":"2019-12-20T11:25:41","modified_gmt":"2019-12-20T11:25:41","slug":"pvc","status":"publish","type":"page","link":"https:\/\/aluminisanoia.es\/es\/pvc\/","title":{"rendered":"PVC"},"content":{"rendered":"<p>En Aluminios de la Anoia tambi\u00e9n trabajamos y realizamos todo tipo de ventanas y cerramientos en PVC, tenemos la m\u00e1s amplia distribuci\u00f3n en gamas de colores y tipos de carpinter\u00eda de 60 o 70 mm con 5 y 6 c\u00e1maras de aire que las hacen totalmente t\u00e9rmicas contra fr\u00edo y calor.<\/p>\n\n\n\n<figure class=\"wp-block-gallery columns-2 is-cropped wp-block-gallery-2 is-layout-flex wp-block-gallery-is-layout-flex\"><ul class=\"blocks-gallery-grid\"><li class=\"blocks-gallery-item\"><figure><img loading=\"lazy\" decoding=\"async\" width=\"300\" height=\"200\" src=\"https:\/\/aluminisanoia.es\/wp-content\/uploads\/2019\/12\/1-1.jpg\" alt=\"\" data-id=\"341\" data-link=\"https:\/\/aluminisanoia.es\/pvc-2\/1-1\" class=\"wp-image-341\"\/><\/figure><\/li><li class=\"blocks-gallery-item\"><figure><img loading=\"lazy\" decoding=\"async\" width=\"414\" height=\"285\" src=\"https:\/\/aluminisanoia.es\/wp-content\/uploads\/2019\/12\/2-1.jpg\" alt=\"\" data-id=\"342\" data-full-url=\"https:\/\/aluminisanoia.es\/wp-content\/uploads\/2019\/12\/2-1.jpg\" data-link=\"https:\/\/aluminisanoia.es\/pvc-2\/2-1\" class=\"wp-image-342\"\/><\/figure><\/li><\/ul><\/figure>","protected":false},"excerpt":{"rendered":"<p>En Aluminios de la Anoia tambi\u00e9n trabajamos y realizamos todo tipo de ventanas y cerramientos en PVC, tenemos la m\u00e1s amplia distribuci\u00f3n en gamas de colores y tipos de carpinter\u00eda de 60 o 70 mm con 5 y 6 c\u00e1maras de aire que las hacen totalmente t\u00e9rmicas contra fr\u00edo y calor.<\/p>","protected":false},"author":1,"featured_media":0,"parent":0,"menu_order":0,"comment_status":"closed","ping_status":"closed","template":"","meta":{"footnotes":""},"class_list":["post-141","page","type-page","status-publish","hentry"],"_links":{"self":[{"href":"https:\/\/aluminisanoia.es\/es\/wp-json\/wp\/v2\/pages\/141","targetHints":{"allow":["GET"]}}],"collection":[{"href":"https:\/\/aluminisanoia.es\/es\/wp-json\/wp\/v2\/pages"}],"about":[{"href":"https:\/\/aluminisanoia.es\/es\/wp-json\/wp\/v2\/types\/page"}],"author":[{"embeddable":true,"href":"https:\/\/aluminisanoia.es\/es\/wp-json\/wp\/v2\/users\/1"}],"replies":[{"embeddable":true,"href":"https:\/\/aluminisanoia.es\/es\/wp-json\/wp\/v2\/comments?post=141"}],"version-history":[{"count":3,"href":"https:\/\/aluminisanoia.es\/es\/wp-json\/wp\/v2\/pages\/141\/revisions"}],"predecessor-version":[{"id":569,"href":"https:\/\/aluminisanoia.es\/es\/wp-json\/wp\/v2\/pages\/141\/revisions\/569"}],"wp:attachment":[{"href":"https:\/\/aluminisanoia.es\/es\/wp-json\/wp\/v2\/media?parent=141"}],"curies":[{"name":"wp","href":"https:\/\/api.w.org\/{rel}","templated":true}]}}