{"id":130,"date":"2019-12-13T11:57:52","date_gmt":"2019-12-13T11:57:52","guid":{"rendered":"https:\/\/aluminisanoia.es\/?page_id=130"},"modified":"2019-12-20T10:35:36","modified_gmt":"2019-12-20T10:35:36","slug":"serveis","status":"publish","type":"page","link":"https:\/\/aluminisanoia.es\/es\/serveis\/","title":{"rendered":"Servicios"},"content":{"rendered":"<h2 id=\"header-services\">Nuestros Servicios<\/h2>\n<!-- \/wp:post-content -->\n\n<hr>\n\n<!-- wp:list=\"\" -->\n<ul>\n \t<li>Execuci\u00f3 d&#8217;obres i habitatges: Fabriquem tot tipus de fusteria d&#8217;alumini, manipulem vidre i col\u2022loquem en obra complint terminis de lliurament establerts pr\u00e8viament.<\/li>\n \t<li>Fabricaci\u00f3 a professionals:  Aluminis de l\u2019Anoia, tamb\u00e9 oferim serveis a tallers professionals i tendes del mateix sector, \u00e9s a dir, els fabriquem les nostres fusteries i els oferim els nostres productes per a cada tipus de projecte. Generalment perqu\u00e8 ells posteriorment, s&#8217;ocupin de la instal\u2022laci\u00f3.<\/li>\n \t<li>Manteniment i reparacions: Oferim un servei en labors de manteniment i reparaci\u00f3 de tot tipus de finestres i tancaments, aix\u00ed com actuacions d&#8217;emerg\u00e8ncia per a reposicions d&#8217;alumini i vidraria en cas de robatori, trencament, deterioraci\u00f3, etc.<\/li>\n<\/ul>\n<!-- \/wp:list -->","protected":false},"excerpt":{"rendered":"<p>Els nostres serveis Execuci\u00f3 d&#8217;obres i habitatges: Fabriquem tot tipus de fusteria d&#8217;alumini, manipulem vidre i col\u2022loquem en obra complint terminis de lliurament establerts pr\u00e8viament. Fabricaci\u00f3 a professionals: Aluminis de l\u2019Anoia, tamb\u00e9 oferim serveis a tallers professionals i tendes del mateix sector, \u00e9s a dir, els fabriquem les nostres fusteries i els oferim els nostres &hellip; <\/p>\n<p class=\"link-more\"><a href=\"https:\/\/aluminisanoia.es\/es\/serveis\/\" class=\"more-link\">Continuar leyendo<span class=\"screen-reader-text\"> &#8220;Serveis&#8221;<\/span><\/a><\/p>","protected":false},"author":1,"featured_media":0,"parent":0,"menu_order":0,"comment_status":"closed","ping_status":"closed","template":"","meta":{"footnotes":""},"class_list":["post-130","page","type-page","status-publish","hentry"],"_links":{"self":[{"href":"https:\/\/aluminisanoia.es\/es\/wp-json\/wp\/v2\/pages\/130","targetHints":{"allow":["GET"]}}],"collection":[{"href":"https:\/\/aluminisanoia.es\/es\/wp-json\/wp\/v2\/pages"}],"about":[{"href":"https:\/\/aluminisanoia.es\/es\/wp-json\/wp\/v2\/types\/page"}],"author":[{"embeddable":true,"href":"https:\/\/aluminisanoia.es\/es\/wp-json\/wp\/v2\/users\/1"}],"replies":[{"embeddable":true,"href":"https:\/\/aluminisanoia.es\/es\/wp-json\/wp\/v2\/comments?post=130"}],"version-history":[{"count":5,"href":"https:\/\/aluminisanoia.es\/es\/wp-json\/wp\/v2\/pages\/130\/revisions"}],"predecessor-version":[{"id":551,"href":"https:\/\/aluminisanoia.es\/es\/wp-json\/wp\/v2\/pages\/130\/revisions\/551"}],"wp:attachment":[{"href":"https:\/\/aluminisanoia.es\/es\/wp-json\/wp\/v2\/media?parent=130"}],"curies":[{"name":"wp","href":"https:\/\/api.w.org\/{rel}","templated":true}]}}