{"id":128,"date":"2019-12-13T11:57:52","date_gmt":"2019-12-13T11:57:52","guid":{"rendered":"https:\/\/aluminisanoia.es\/?page_id=128"},"modified":"2019-12-21T19:33:57","modified_gmt":"2019-12-21T19:33:57","slug":"vidres","status":"publish","type":"page","link":"https:\/\/aluminisanoia.es\/es\/vidres\/","title":{"rendered":"Vidrios"},"content":{"rendered":"<figure class=\"wp-block-gallery columns-2 is-cropped\">\n<ul class=\"blocks-gallery-grid\">\n<li class=\"blocks-gallery-item\">\n<figure><img decoding=\"async\" src=\"https:\/\/aluminisanoia.es\/wp-content\/uploads\/2019\/12\/v3.jpg\" alt=\"\" data-id=\"338\" data-link=\"https:\/\/aluminisanoia.es\/vidres\/vid09-300x150\" class=\"wp-image-336\"><\/figure>\n<\/li>\n<li class=\"blocks-gallery-item\">\n<figure><img decoding=\"async\" src=\"https:\/\/aluminisanoia.es\/wp-content\/uploads\/2019\/12\/vi2.png\" alt=\"\" data-id=\"339\" data-link=\"https:\/\/aluminisanoia.es\/vidres\/vid010\" class=\"wp-image-337\"><\/figure>\n<\/li>\n<\/ul>\n<\/figure>\n\n\n<h2 class=\"wp-block-heading\" id=\"title1-cristales\">Vidres monol\u00edtics<\/h2>\n\n\n\n<p>Son vidrios sencillos que se suelen instalar en ventanas de poca calidad o bien en interiores de viviendas, son acristalamientos obsoletos.<\/p>\n\n\n\n<figure class=\"wp-block-image\"><img decoding=\"async\" src=\"https:\/\/web.archive.org\/web\/20180901085632im_\/http:\/\/aluminisanoia.com\/\/wp-content\/uploads\/2018\/05\/vid01.jpg\" alt=\"\"\/><\/figure>\n\n\n\n<h2 class=\"wp-block-heading\" id=\"title2-cristales\">Vidrios Laminados<\/h2>\n\n\n\n<p>Resultado de la uni\u00f3n de dos o m\u00e1s planchas de vidrio. Entre las planchas de vidrio se intercalan l\u00e1minas de PVB (polivinilo butiral), logrando dar al vidrio mayor resistencia. Con esta combinaci\u00f3n se consiguen vidrios de seguridad o blindados.<\/p>\n\n\n\n<figure class=\"wp-block-image\"><img decoding=\"async\" src=\"https:\/\/web.archive.org\/web\/20180901085632im_\/http:\/\/aluminisanoia.com\/\/wp-content\/uploads\/2018\/05\/vid05.jpg\" alt=\"\"\/><\/figure>\n\n\n\n<h2 class=\"wp-block-heading\" id=\"title3-cristales\">Vidrios con C\u00e1mara o de Doble Acristalamiento<\/h2>\n\n\n\n<p>Son vidrios formados por dos hojas separadas por una c\u00e1mara intermedia de aire deshidratado sellada herm\u00e9ticamente que sirve para aumentar el aislamiento t\u00e9rmico. La c\u00e1mara de aire reduce la transferencia de calor entre el exterior y el interior.<\/p>\n\n\n\n<figure class=\"wp-block-image\"><img decoding=\"async\" src=\"https:\/\/web.archive.org\/web\/20180901085632im_\/http:\/\/aluminisanoia.com\/\/wp-content\/uploads\/2018\/05\/vid06.jpg\" alt=\"\"\/><\/figure>\n\n\n\n<h2 class=\"wp-block-heading\" id=\"title4-cristales\">Vidrios Templados<\/h2>\n\n\n\n<p>Es un tipo de vidrio muy fuerte y resistente, y si por accidente recibe un fuerte impacto, su tratamiento hace que se rompa en fragmentos muy peque\u00f1os e irregulares. Es un vidrio muy com\u00fan para las puertas de terrazas, patios, etc.<\/p>\n\n\n\n<figure class=\"wp-block-image\"><img decoding=\"async\" src=\"https:\/\/web.archive.org\/web\/20180901085632im_\/http:\/\/aluminisanoia.com\/\/wp-content\/uploads\/2018\/05\/vid07.jpg\" alt=\"\"\/><\/figure>\n\n\n\n<h2 class=\"wp-block-heading\" id=\"title5-cristales\">Vidrios Mates<\/h2>\n\n\n\n<p>Se fabrica a partir de un vidrio flotado de alta calidad, que tras el tratamiento con el \u00e1cido, consigue una superficie que difumina la luz y transforma el vidrio inicial en trasl\u00facido. Su uso predomina, en dormitorios, ba\u00f1os y cocinas para crear ambientes ligeros, suaves, elegantes y luminosos.<\/p>\n\n\n\n<figure class=\"wp-block-image\"><img decoding=\"async\" src=\"https:\/\/web.archive.org\/web\/20180901085632im_\/http:\/\/aluminisanoia.com\/\/wp-content\/uploads\/2018\/05\/vid08.jpg\" alt=\"\"\/><\/figure>\n\n\n\n<h2 class=\"wp-block-heading\" id=\"title6-cristales\">Vidrios de Control Solar (Guardian Sun)<\/h2>\n\n\n\n<p><p>Utilizando un vidrio de control solar evitamos el calor excesivo en verano, y en invierno conserva el calor interior.<\/p>\n<p>Algunos de los beneficios de los vidrios de control solar son;<\/p>\n<ul><li>Refleja el calor del sol y mantiene la temperatura interior guardando la refrigeraci\u00f3n del aire acondicionado del interior.<\/li>\n<li>Reduce la necesidad de aire acondicionado costoso y\/o de persianas, engrandeciendo al m\u00e1ximo la sensaci\u00f3n de espacio en el interior.<\/li>\n<li>Filtra el resplandor inc\u00f3modo del sol, mientras que deja que entre la luz natural.<\/li>\n<li>El vidrio de control solar,  como la gama de SGG COOL-LITE, se puede combinar con muchos otros productos para conseguir el beneficio deseado: bajo-mantenimiento, la reducci\u00f3n del nivel de ruidos, el vidrio decorativo, aumentar la seguridad.<\/li>\n<li>El vidrio de control solar es perfecto para edificaciones que en su arquitectura conllevan un \u00e1rea acristalada extensa.<\/li>\n<\/ul>\n\n\n\n<figure class=\"wp-block-gallery columns-2 is-cropped wp-block-gallery-2 is-layout-flex wp-block-gallery-is-layout-flex\"><ul class=\"blocks-gallery-grid\"><li class=\"blocks-gallery-item\"><figure><img loading=\"lazy\" decoding=\"async\" width=\"300\" height=\"150\" src=\"https:\/\/aluminisanoia.es\/wp-content\/uploads\/2019\/12\/vid09-300x150.jpg\" alt=\"\" data-id=\"338\" data-link=\"https:\/\/aluminisanoia.es\/vidres\/vid09-300x150\" class=\"wp-image-338\"\/><\/figure><\/li><li class=\"blocks-gallery-item\"><figure><img loading=\"lazy\" decoding=\"async\" width=\"385\" height=\"247\" src=\"https:\/\/aluminisanoia.es\/wp-content\/uploads\/2019\/12\/vid010.jpg\" alt=\"\" data-id=\"339\" data-link=\"https:\/\/aluminisanoia.es\/vidres\/vid010\" class=\"wp-image-339\"\/><\/figure><\/li><\/ul><\/figure>","protected":false},"excerpt":{"rendered":"<p>Vidres monol\u00edtics S\u00f3n vidres senzills que se solen instal\u00b7lar en finestres de poca qualitat o b\u00e9 en interiors d\u2019habitatges, s\u00f3n gaireb\u00e9 obsolets. Vidres laminats Resultat de la uni\u00f3 de dues o m\u00e9s planxes de vidre. Entre les planxes de vidre s\u2019intercalen l\u00e0mines de PVB, aconseguint donar al vidre major resist\u00e8ncia. Amb aquesta combinaci\u00f3 s\u2019aconsegueixen vidres &hellip; <\/p>\n<p class=\"link-more\"><a href=\"https:\/\/aluminisanoia.es\/es\/vidres\/\" class=\"more-link\">Continuar leyendo<span class=\"screen-reader-text\"> &#8220;Vidres&#8221;<\/span><\/a><\/p>","protected":false},"author":1,"featured_media":0,"parent":0,"menu_order":0,"comment_status":"closed","ping_status":"closed","template":"","meta":{"footnotes":""},"class_list":["post-128","page","type-page","status-publish","hentry"],"_links":{"self":[{"href":"https:\/\/aluminisanoia.es\/es\/wp-json\/wp\/v2\/pages\/128","targetHints":{"allow":["GET"]}}],"collection":[{"href":"https:\/\/aluminisanoia.es\/es\/wp-json\/wp\/v2\/pages"}],"about":[{"href":"https:\/\/aluminisanoia.es\/es\/wp-json\/wp\/v2\/types\/page"}],"author":[{"embeddable":true,"href":"https:\/\/aluminisanoia.es\/es\/wp-json\/wp\/v2\/users\/1"}],"replies":[{"embeddable":true,"href":"https:\/\/aluminisanoia.es\/es\/wp-json\/wp\/v2\/comments?post=128"}],"version-history":[{"count":5,"href":"https:\/\/aluminisanoia.es\/es\/wp-json\/wp\/v2\/pages\/128\/revisions"}],"predecessor-version":[{"id":621,"href":"https:\/\/aluminisanoia.es\/es\/wp-json\/wp\/v2\/pages\/128\/revisions\/621"}],"wp:attachment":[{"href":"https:\/\/aluminisanoia.es\/es\/wp-json\/wp\/v2\/media?parent=128"}],"curies":[{"name":"wp","href":"https:\/\/api.w.org\/{rel}","templated":true}]}}