{"id":126,"date":"2019-12-13T11:57:52","date_gmt":"2019-12-13T11:57:52","guid":{"rendered":"https:\/\/aluminisanoia.es\/?page_id=126"},"modified":"2019-12-20T15:00:11","modified_gmt":"2019-12-20T15:00:11","slug":"persianes-i-automatismes","status":"publish","type":"page","link":"https:\/\/aluminisanoia.es\/es\/persianes-i-automatismes\/","title":{"rendered":"Persianas y Automatismos"},"content":{"rendered":"<h2 class=\"wp-block-heading\" id=\"menu-products\">Productos<\/h2>\n\n\n\n<h2 class=\"wp-block-heading\" id=\"title1-persianas\">Persianas de Aluminio<\/h2>\n\n\n\n<p><p>Las persianas enrollables de aluminio revalorizan su propiedad, desde el punto de vista \u00f3ptico y energ\u00e9tico. Ofrecen variedad de dise\u00f1os, comodidad individual y aumentan la eficiencia total de edificios. Con las persianas enrollables tendr\u00e1 un ambiente adecuado en cada \u00e9poca del a\u00f1o dado que las aberturas del edificio siguen siendo flexibles. Protegen del fr\u00edo, calor, ruido, miradas de extra\u00f1os e insectos cuando lo desee. Adem\u00e1s ofrecen una protecci\u00f3n aumentada contra robos. Las persianas enrollables de aluminio revalorizan su propiedad, desde el punto de vista \u00f3ptico y energ\u00e9tico. Ofrecen variedad de dise\u00f1os, colores, comodidad individual y aumentan la eficiencia total de edificios.<\/p><p>Con las persianas enrollables tendr\u00e1 un ambiente adecuado en cada \u00e9poca del a\u00f1o. Protegen del fr\u00edo, calor, ruido, miradas de extra\u00f1os e insectos cuando lo desee. Adem\u00e1s ofrecen una protecci\u00f3n aumentada contra robos.<\/p><\/p>\n\n\n\n<figure class=\"wp-block-gallery columns-2 is-cropped wp-block-gallery-2 is-layout-flex wp-block-gallery-is-layout-flex\"><ul class=\"blocks-gallery-grid\"><li class=\"blocks-gallery-item\"><figure><img loading=\"lazy\" decoding=\"async\" width=\"377\" height=\"313\" src=\"https:\/\/aluminisanoia.es\/wp-content\/uploads\/2019\/12\/per03.jpg\" alt=\"\" data-id=\"304\" data-full-url=\"https:\/\/aluminisanoia.es\/wp-content\/uploads\/2019\/12\/per03.jpg\" data-link=\"https:\/\/aluminisanoia.es\/automatismes-i-persianes\/per03\" class=\"wp-image-304\"\/><\/figure><\/li><li class=\"blocks-gallery-item\"><figure><img loading=\"lazy\" decoding=\"async\" width=\"300\" height=\"170\" src=\"https:\/\/aluminisanoia.es\/wp-content\/uploads\/2019\/12\/per01-1-300x170.jpg\" alt=\"\" data-id=\"303\" data-link=\"https:\/\/aluminisanoia.es\/automatismes-i-persianes\/per01-1-300x170\" class=\"wp-image-303\"\/><\/figure><\/li><\/ul><\/figure>\n\n\n\n<h2 class=\"wp-block-heading\" id=\"title2-persianas\">Persiana Supergradhermetic<\/h2>\n\n\n\n<p><p>Una persiana enrollable y orientable, que permite una perfecta regulaci\u00f3n de la luz, de la entrada de aire y protecci\u00f3n de la intimidad, gracias a la orientaci\u00f3n de las lamas. Permite el cierre herm\u00e9tico. Mediante el encaje de sus lamas, cuando la persiana est\u00e1 bajada, se logra un total oscurecimiento en el interior.<\/p><p> De la misma forma, la persiana puede subirse, dejando libre la ventana. Est\u00e1 fabricada en aleaci\u00f3n de aluminio, embellecida y protegida con pinturas de alta calidad, aplicadas y termoendurecidas en un proceso continuo.<\/p><\/p>\n\n\n\n<figure class=\"wp-block-gallery columns-3 is-cropped wp-block-gallery-3 is-layout-flex wp-block-gallery-is-layout-flex\"><ul class=\"blocks-gallery-grid\"><li class=\"blocks-gallery-item\"><figure><img loading=\"lazy\" decoding=\"async\" width=\"271\" height=\"203\" src=\"https:\/\/aluminisanoia.es\/wp-content\/uploads\/2019\/12\/per05.jpg\" alt=\"\" data-id=\"305\" data-link=\"https:\/\/aluminisanoia.es\/automatismes-i-persianes\/per05\" class=\"wp-image-305\"\/><\/figure><\/li><li class=\"blocks-gallery-item\"><figure><img loading=\"lazy\" decoding=\"async\" width=\"395\" height=\"377\" src=\"https:\/\/aluminisanoia.es\/wp-content\/uploads\/2019\/12\/per06.jpg\" alt=\"\" data-id=\"306\" data-full-url=\"https:\/\/aluminisanoia.es\/wp-content\/uploads\/2019\/12\/per06.jpg\" data-link=\"https:\/\/aluminisanoia.es\/automatismes-i-persianes\/per06\" class=\"wp-image-306\"\/><\/figure><\/li><li class=\"blocks-gallery-item\"><figure><img loading=\"lazy\" decoding=\"async\" width=\"300\" height=\"210\" src=\"https:\/\/aluminisanoia.es\/wp-content\/uploads\/2019\/12\/per07-300x210.jpg\" alt=\"\" data-id=\"307\" data-link=\"https:\/\/aluminisanoia.es\/automatismes-i-persianes\/per07-300x210\" class=\"wp-image-307\"\/><\/figure><\/li><\/ul><\/figure>\n\n\n\n<h2 class=\"wp-block-heading\" id=\"title3-persianas\">Persianas con motor \u2013 Pulsador<\/h2>\n\n\n\n<p>Con las persianas motorizadas no tendr\u00e1s que volver a accionar las tediosas cintas o manivela. Todas tus persianas se controlan desde el mismo punto, mediante un pulsador en la pared enchufado a la corriente. La vida \u00fatil de la persiana y el mecanismo se alarga al ejercer en cada momento s\u00f3lo la fuerza necesaria, y no requiere mantenimiento.<\/p>\n\n\n\n<figure class=\"wp-block-gallery columns-2 is-cropped wp-block-gallery-4 is-layout-flex wp-block-gallery-is-layout-flex\"><ul class=\"blocks-gallery-grid\"><li class=\"blocks-gallery-item\"><figure><img loading=\"lazy\" decoding=\"async\" width=\"210\" height=\"210\" src=\"https:\/\/aluminisanoia.es\/wp-content\/uploads\/2019\/12\/per08-1.jpg\" alt=\"\" data-id=\"311\" data-link=\"https:\/\/aluminisanoia.es\/automatismes-i-persianes\/per08-1\" class=\"wp-image-311\"\/><\/figure><\/li><li class=\"blocks-gallery-item\"><figure><img loading=\"lazy\" decoding=\"async\" width=\"253\" height=\"199\" src=\"https:\/\/aluminisanoia.es\/wp-content\/uploads\/2019\/12\/per09-1.jpg\" alt=\"\" data-id=\"312\" data-link=\"https:\/\/aluminisanoia.es\/automatismes-i-persianes\/per09-1\" class=\"wp-image-312\"\/><\/figure><\/li><\/ul><\/figure>\n\n\n<figure class=\"wp-block-gallery columns-2 is-cropped\">\n<ul class=\"blocks-gallery-grid\">\n<li class=\"blocks-gallery-item\">\n<figure><img decoding=\"async\" src=\"https:\/\/aluminisanoia.es\/wp-content\/uploads\/2019\/12\/per010.2.jpg\" alt=\"\" data-id=\"304\" data-full-url=\"https:\/\/aluminisanoia.es\/wp-content\/uploads\/2019\/12\/per010.2.jpg\" data-link=\"https:\/\/aluminisanoia.es\/automatismes-i-persianes\/per010.2\" class=\"wp-image-318\"><\/figure><\/li><\/ul><\/figure>\n\n\n<figure class=\"wp-block-image\"><img decoding=\"async\" src=\"https:\/\/web.archive.org\/web\/20180901111303im_\/http:\/\/aluminisanoia.com\/\/wp-content\/uploads\/2018\/05\/per010.jpg\" alt=\"\"\/><\/figure>\n\n\n\n<h2 class=\"wp-block-heading\" id=\"title4-persianas\">Persianas con motor \u2013 V\u00eda Radio<\/h2>\n\n\n\n<p>Este kit proporciona un mando a distancia que permitir\u00e1 al usuario controlar su persiana sin necesidad de instalaciones adicionales. De esta manera, el cliente puede controlar la persiana desde cualquier punto de la habitaci\u00f3n o recinto. Son potentes, de gran resistencia y fiabilidad. Gracias a ellos nuestros clientes disfrutan de m\u00e1s comodidad y confort en casa.<\/p>\n\n\n\n<figure class=\"wp-block-gallery columns-2 is-cropped wp-block-gallery-5 is-layout-flex wp-block-gallery-is-layout-flex\"><ul class=\"blocks-gallery-grid\"><li class=\"blocks-gallery-item\"><figure><img loading=\"lazy\" decoding=\"async\" width=\"458\" height=\"313\" src=\"https:\/\/aluminisanoia.es\/wp-content\/uploads\/2019\/12\/per011.jpg\" alt=\"\" data-id=\"314\" data-full-url=\"https:\/\/aluminisanoia.es\/wp-content\/uploads\/2019\/12\/per011.jpg\" data-link=\"https:\/\/aluminisanoia.es\/automatismes-i-persianes\/per011\" class=\"wp-image-314\"\/><\/figure><\/li><li class=\"blocks-gallery-item\"><figure><img loading=\"lazy\" decoding=\"async\" width=\"458\" height=\"458\" src=\"https:\/\/aluminisanoia.es\/wp-content\/uploads\/2019\/12\/per012.jpg\" alt=\"\" data-id=\"315\" data-full-url=\"https:\/\/aluminisanoia.es\/wp-content\/uploads\/2019\/12\/per012.jpg\" data-link=\"https:\/\/aluminisanoia.es\/automatismes-i-persianes\/per012\" class=\"wp-image-315\"\/><\/figure><\/li><\/ul><\/figure>","protected":false},"excerpt":{"rendered":"<p>Productes Persianes d\u2019alumini Les persianes enrotllables d\u2019alumini revaloritzen la seva propietat, des del punt de vista \u00f2ptic i energ\u00e8tic. Ofereixen varietat de dissenys, comoditat individual i augmenten l\u2019efici\u00e8ncia total d\u2019edificis. Amb les persianes enrotllables tindr\u00e0 un ambient adequat en cada \u00e8poca de l\u2019any at\u00e8s que les obertures de l\u2019edifici segueixen sent flexibles. Protegeixen del fred, &hellip; <\/p>\n<p class=\"link-more\"><a href=\"https:\/\/aluminisanoia.es\/es\/persianes-i-automatismes\/\" class=\"more-link\">Continuar leyendo<span class=\"screen-reader-text\"> &#8220;Persianes i Automatismes&#8221;<\/span><\/a><\/p>","protected":false},"author":1,"featured_media":0,"parent":0,"menu_order":0,"comment_status":"closed","ping_status":"closed","template":"","meta":{"footnotes":""},"class_list":["post-126","page","type-page","status-publish","hentry"],"_links":{"self":[{"href":"https:\/\/aluminisanoia.es\/es\/wp-json\/wp\/v2\/pages\/126","targetHints":{"allow":["GET"]}}],"collection":[{"href":"https:\/\/aluminisanoia.es\/es\/wp-json\/wp\/v2\/pages"}],"about":[{"href":"https:\/\/aluminisanoia.es\/es\/wp-json\/wp\/v2\/types\/page"}],"author":[{"embeddable":true,"href":"https:\/\/aluminisanoia.es\/es\/wp-json\/wp\/v2\/users\/1"}],"replies":[{"embeddable":true,"href":"https:\/\/aluminisanoia.es\/es\/wp-json\/wp\/v2\/comments?post=126"}],"version-history":[{"count":9,"href":"https:\/\/aluminisanoia.es\/es\/wp-json\/wp\/v2\/pages\/126\/revisions"}],"predecessor-version":[{"id":607,"href":"https:\/\/aluminisanoia.es\/es\/wp-json\/wp\/v2\/pages\/126\/revisions\/607"}],"wp:attachment":[{"href":"https:\/\/aluminisanoia.es\/es\/wp-json\/wp\/v2\/media?parent=126"}],"curies":[{"name":"wp","href":"https:\/\/api.w.org\/{rel}","templated":true}]}}