{"id":125,"date":"2019-12-13T11:57:52","date_gmt":"2019-12-13T11:57:52","guid":{"rendered":"https:\/\/aluminisanoia.es\/?page_id=125"},"modified":"2019-12-24T12:56:56","modified_gmt":"2019-12-24T12:56:56","slug":"alumini","status":"publish","type":"page","link":"https:\/\/aluminisanoia.es\/es\/alumini\/","title":{"rendered":"Aluminio"},"content":{"rendered":"<h2 class=\"wp-block-heading\" id=\"alu-products\">Productos Aluminio<\/h2>\n\n\n\n<figure class=\"wp-block-image\"><img decoding=\"async\" src=\"https:\/\/web.archive.org\/web\/20180901035402im_\/http:\/\/aluminisanoia.com\/\/wp-content\/uploads\/2018\/05\/alum09-300x85.jpg\" alt=\"\" class=\"wp-image-92\"\/><\/figure>\n\n\n\n<h3 class=\"wp-block-heading\" id=\"title1-alum\">Ventanas y Balconeras<\/h3>\n\n\n\n<p>Este modelo es el m\u00e1s apreciado en cuanto a estanqueidad se refiere, puesto a que gracias a sus 3 juntas de goma se consigue una gran hermeticidad. De f\u00e1cil limpieza, al poderse abrir las hojas 180 grados, gran ventilaci\u00f3n y paso al permitir abrir sus hojas de par en par. Tanto practicables como oscilobatientes, con un perfil diferente para cada tipo de proyecto. Todo tipo de ventanas y balconeras que hay en el mercado: de doble hoja, hoja oculta, apertura interior-exterior, fijas, pivotante, plegable, etc.<\/p>\n\n\n\n<figure class=\"wp-block-image\"><img decoding=\"async\" src=\"https:\/\/web.archive.org\/web\/20180901035402im_\/http:\/\/aluminisanoia.com\/\/wp-content\/uploads\/2018\/05\/cor-300x199.png\" alt=\"\" class=\"wp-image-113\"\/><\/figure>\n\n\n<h3>Ventana Hoja Oculta<\/h3>\n<p>Las ventanas de hoja oculta son un tipo de ventana caracteriza por su dise\u00f1o minimalista, cediendo todo el protagonismo a la luz y el paisaje. Por sus caracter\u00edsticas, y su cuidado dise\u00f1o, son una gran elecci\u00f3n para nueva construcci\u00f3n y tambi\u00e9n para rehabilitaci\u00f3n, siendo muy apreciadas por los estudios de arquitectura.\nEn una ventana de hoja oculta el marco de la parte m\u00f3vil (la hoja) queda escondido tras el marco fijo cuando est\u00e1 cerrada. De esta manera la ventana tiene el mismo aspecto abierta y cerrada ya que, en ambos casos, s\u00f3lo se ve el marco fijo desde el exterior. Por eso se llama de hoja oculta.\nLos marcos de aluminio de estas ventanas son mucho m\u00e1s finos que los de una ventana convencional, lo que hace que se gane hasta un 20% m\u00e1s de superficie de vidrio. Con esto se logra unas ventanas de l\u00edneas limpias y minimalistas, donde los marcos casi desaparecen, cediendo todo el protagonismo a la arquitectura y a la luz.\n<\/p>\n<figure class=\"wp-block-gallery columns-2 is-cropped\">\n<ul class=\"blocks-gallery-grid\">\n<li class=\"blocks-gallery-item\">\n<figure><img decoding=\"async\" src=\"https:\/\/aluminisanoia.es\/wp-content\/uploads\/2019\/12\/alum01.jpg\" alt=\"\" data-id=\"304\" data-full-url=\"https:\/\/aluminisanoia.es\/wp-content\/uploads\/2019\/12\/alum01.jpg\" data-link=\"https:\/\/aluminisanoia.es\/alumini\/alum01\" class=\"wp-image-319\"><\/figure>\n<\/li>\n<\/ul>\n<\/figure>\n\n\n<h3 class=\"wp-block-heading\" id=\"title2-alum\">Correderas<\/h3>\n\n\n\n<p>Proyectar superficies con grandes espacios acristalados es la opci\u00f3n id\u00f3nea para que interiores y exteriores se fusionen creando ambientes agradables sin pr\u00e1cticamente impedimentos visuales. Disponemos de una serie de ventanas correderas que responden perfectamente a las exigencias de nuestros clientes, ya que permiten crear grandes espacios de luz con las mejores prestaciones.<\/p>\n\n\n\n<figure class=\"wp-block-gallery columns-2 is-cropped\"><ul class=\"blocks-gallery-grid\"><li class=\"blocks-gallery-item\"><figure><img decoding=\"async\" src=\"https:\/\/aluminisanoia.es\/wp-content\/uploads\/2019\/12\/alum02.jpg\" alt=\"\" data-id=\"304\" data-full-url=\"https:\/\/aluminisanoia.es\/wp-content\/uploads\/2019\/12\/alum02.jpg\" data-link=\"https:\/\/aluminisanoia.es\/alumini\/alum02\" class=\"wp-image-119\"\/><\/figure>\n\n\n\n<h3 class=\"wp-block-heading\" id=\"title3-alum\">Monoblock<\/h3>\n\n\n\n<p>En el sistema de persiana enrollable Monoblock, el caj\u00f3n de la persiana se coloca justo encima de la ventana, formando un bloque compacto que simplifica la instalaci\u00f3n y ofrece un aspecto elegante. Adem\u00e1s, facilita el acceso al mecanismo interior para mantenimiento y reparaciones. Este sistema es compatible con cualquier tipo de carpinter\u00eda del mercado y evita los capialzados tradicionales de grandes dimensiones.<\/p>\n\n\n\n<figure class=\"wp-block-gallery columns-3 is-cropped wp-block-gallery-2 is-layout-flex wp-block-gallery-is-layout-flex\"><ul class=\"blocks-gallery-grid\"><li class=\"blocks-gallery-item\"><figure><img loading=\"lazy\" decoding=\"async\" width=\"150\" height=\"269\" src=\"https:\/\/aluminisanoia.es\/wp-content\/uploads\/2019\/12\/alum016-2.jpg\" alt=\"\" data-id=\"207\" data-link=\"https:\/\/aluminisanoia.es\/?attachment_id=207\" class=\"wp-image-207\"\/><\/figure><\/li><li class=\"blocks-gallery-item\"><figure><img loading=\"lazy\" decoding=\"async\" width=\"139\" height=\"262\" src=\"https:\/\/aluminisanoia.es\/wp-content\/uploads\/2019\/12\/alum017-1.jpg\" alt=\"\" data-id=\"208\" data-link=\"https:\/\/aluminisanoia.es\/?attachment_id=208\" class=\"wp-image-208\"\/><\/figure><\/li><li class=\"blocks-gallery-item\"><figure><img loading=\"lazy\" decoding=\"async\" width=\"400\" height=\"400\" src=\"https:\/\/aluminisanoia.es\/wp-content\/uploads\/2019\/12\/alum015-1.jpg\" alt=\"\" data-id=\"206\" data-full-url=\"https:\/\/aluminisanoia.es\/wp-content\/uploads\/2019\/12\/alum015-1.jpg\" data-link=\"https:\/\/aluminisanoia.es\/?attachment_id=206\" class=\"wp-image-206\"\/><\/figure><\/li><\/ul><\/figure>\n\n\n\n<p><h3>Puertas y Ventanas Plegables<\/h3><\/p>\n\n\n\n<p>Sistema muy pr\u00e1ctico para sitios donde se necesite una gran apertura, ya sea para paso o para ventilaci\u00f3n, puesto que sus hojas se plegan una contra la otra tipo libro ocupando el m\u00ednimo espacio.<\/p>\n\n\n\n<figure class=\"wp-block-gallery columns-3 is-cropped wp-block-gallery-3 is-layout-flex wp-block-gallery-is-layout-flex\"><ul class=\"blocks-gallery-grid\"><li class=\"blocks-gallery-item\"><figure><img loading=\"lazy\" decoding=\"async\" width=\"431\" height=\"316\" src=\"https:\/\/aluminisanoia.es\/wp-content\/uploads\/2019\/12\/alum020.jpg\" alt=\"\" data-id=\"202\" data-full-url=\"https:\/\/aluminisanoia.es\/wp-content\/uploads\/2019\/12\/alum020.jpg\" data-link=\"https:\/\/aluminisanoia.es\/?attachment_id=202\" class=\"wp-image-202\"\/><\/figure><\/li><li class=\"blocks-gallery-item\"><figure><img loading=\"lazy\" decoding=\"async\" width=\"312\" height=\"312\" src=\"https:\/\/aluminisanoia.es\/wp-content\/uploads\/2019\/12\/alum019.jpg\" alt=\"\" data-id=\"201\" data-full-url=\"https:\/\/aluminisanoia.es\/wp-content\/uploads\/2019\/12\/alum019.jpg\" data-link=\"https:\/\/aluminisanoia.es\/?attachment_id=201\" class=\"wp-image-201\"\/><\/figure><\/li><li class=\"blocks-gallery-item\"><figure><img loading=\"lazy\" decoding=\"async\" width=\"300\" height=\"164\" src=\"https:\/\/aluminisanoia.es\/wp-content\/uploads\/2019\/12\/alum018-300x164.jpg\" alt=\"\" data-id=\"200\" data-link=\"https:\/\/aluminisanoia.es\/?attachment_id=200\" class=\"wp-image-200\"\/><\/figure><\/li><\/ul><\/figure>\n\n\n\n<h2 class=\"wp-block-heading\">Puertas y Ventanas Elevables<\/h2>\n\n\n\n<p>Parecidas a las correderas y con un mecanismo adicional, conseguimos elevar la hoja unos mil\u00edmetros con el fin de librar las juntas, en este caso de goma, para poder deslizar suavemente a pesar de grandes cargas vidrio. Entra dentro de la gama alta de puertas correderas del mercado, debido a su robustez, hermeticidad y capacidad de vidrio, tanto en peso como en espesor.<\/p>\n\n\n\n<figure class=\"wp-block-image\"><img decoding=\"async\" src=\"https:\/\/web.archive.org\/web\/20180901035402im_\/http:\/\/aluminisanoia.com\/\/wp-content\/uploads\/2018\/05\/4500-300x185.png\" alt=\"\" class=\"wp-image-123\"\/><\/figure>\n\n\n\n<h2 class=\"wp-block-heading\" id=\"title6-alum\">Puertas y Ventanas Oscilo-paralelas<\/h2>\n\n\n\n<p>Funcional como una corredera, herm\u00e9tica como una practicable. Incorporan un sistema que al accionar una palanca situada en el cierre, eleva la hoja para su f\u00e1cil deslizamiento y anclarlo con firmeza en el lugar de cierre, aportando rigidez y solidez a la estructura.<\/p>\n\n\n\n<figure class=\"wp-block-gallery columns-3 is-cropped wp-block-gallery-4 is-layout-flex wp-block-gallery-is-layout-flex\"><ul class=\"blocks-gallery-grid\"><li class=\"blocks-gallery-item\"><figure><img loading=\"lazy\" decoding=\"async\" width=\"360\" height=\"232\" src=\"https:\/\/aluminisanoia.es\/wp-content\/uploads\/2019\/12\/alum024.jpg\" alt=\"\" data-id=\"204\" data-link=\"https:\/\/aluminisanoia.es\/?attachment_id=204\" class=\"wp-image-204\"\/><\/figure><\/li><li class=\"blocks-gallery-item\"><figure><img loading=\"lazy\" decoding=\"async\" width=\"300\" height=\"123\" src=\"https:\/\/aluminisanoia.es\/wp-content\/uploads\/2019\/12\/alum023-300x123.jpg\" alt=\"\" data-id=\"203\" data-link=\"https:\/\/aluminisanoia.es\/?attachment_id=203\" class=\"wp-image-203\"\/><\/figure><\/li><li class=\"blocks-gallery-item\"><figure><img loading=\"lazy\" decoding=\"async\" width=\"335\" height=\"266\" src=\"https:\/\/aluminisanoia.es\/wp-content\/uploads\/2019\/12\/alum025.jpg\" alt=\"\" data-id=\"205\" data-link=\"https:\/\/aluminisanoia.es\/?attachment_id=205\" class=\"wp-image-205\"\/><\/figure><\/li><\/ul><\/figure>\n\n\n\n<h2 class=\"wp-block-heading\" id=\"title7-alum\">Puertas de Entrada<\/h2>\n\n\n\n<p>Entradas de acceso a viviendas u otros sitios muy elegantes y decorativas. Se componen de un panel de madera de alta densidad en su interior y chapa de aluminio en su exterior. A los paneles de madera se les puede incluir l\u00e1minas de acero en su interior para blindarlas y ganar en seguridad. Existen diferentes tipos de acabados para este tipo de puertas. Se dotan de cerraduras a 3 puntos, la cual da a la puerta un extra en seguridad.<\/p>\n\n\n\n<figure class=\"wp-block-image\"><img decoding=\"async\" src=\"https:\/\/web.archive.org\/web\/20180901035402im_\/http:\/\/aluminisanoia.com\/\/wp-content\/uploads\/2018\/05\/cor3500v2-300x197.png\" alt=\"\" class=\"wp-image-118\"\/><\/figure>\n\n\n\n<h2 class=\"wp-block-heading\" id=\"title8-alum\">Verandas o Galer\u00edas<\/h2>\n\n\n\n<p>De dise\u00f1o moderno o tradicional pueden convertirse en una ampliaci\u00f3n perfecta de cualquier hogar, con el fin de proporcionar un espacio adicional a lo largo de todo el a\u00f1o y dise\u00f1adas para ser frescas en verano y c\u00e1lidas en invierno.<\/p>\n\n\n\n<figure class=\"wp-block-gallery columns-2 is-cropped wp-block-gallery-5 is-layout-flex wp-block-gallery-is-layout-flex\"><ul class=\"blocks-gallery-grid\"><li class=\"blocks-gallery-item\"><figure><img loading=\"lazy\" decoding=\"async\" width=\"368\" height=\"342\" src=\"https:\/\/aluminisanoia.es\/wp-content\/uploads\/2019\/12\/alum028.jpg\" alt=\"\" data-id=\"209\" data-full-url=\"https:\/\/aluminisanoia.es\/wp-content\/uploads\/2019\/12\/alum028.jpg\" data-link=\"https:\/\/aluminisanoia.es\/?attachment_id=209\" class=\"wp-image-209\"\/><\/figure><\/li><li class=\"blocks-gallery-item\"><figure><img loading=\"lazy\" decoding=\"async\" width=\"368\" height=\"342\" src=\"https:\/\/aluminisanoia.es\/wp-content\/uploads\/2019\/12\/alum029.jpg\" alt=\"\" data-id=\"210\" data-full-url=\"https:\/\/aluminisanoia.es\/wp-content\/uploads\/2019\/12\/alum029.jpg\" data-link=\"https:\/\/aluminisanoia.es\/?attachment_id=210\" class=\"wp-image-210\"\/><\/figure><\/li><\/ul><\/figure>\n\n\n\n<h2 class=\"wp-block-heading\" id=\"title9-alum\">Celos\u00edas<\/h2>\n\n\n\n<p>Sistema de celos\u00edas de lamas fijas de aluminio extrusionado. M\u00faltiples formatos de lamas fijas, tanto en lamas tubulares como lamas de alma simple.\nEn este sistema de celos\u00eda se puede personalizar, seg\u00fan el proyecto, la distancia entre lamas. Las lamas fijas se pueden utilizar como elementos de quita vistas y dar intimidad a cualquier espacio.<\/p>\n\n\n\n<figure class=\"wp-block-gallery columns-3 is-cropped wp-block-gallery-6 is-layout-flex wp-block-gallery-is-layout-flex\"><ul class=\"blocks-gallery-grid\"><li class=\"blocks-gallery-item\"><figure><img loading=\"lazy\" decoding=\"async\" width=\"368\" height=\"342\" src=\"https:\/\/aluminisanoia.es\/wp-content\/uploads\/2019\/12\/alum032.jpg\" alt=\"\" data-id=\"214\" data-full-url=\"https:\/\/aluminisanoia.es\/wp-content\/uploads\/2019\/12\/alum032.jpg\" data-link=\"https:\/\/aluminisanoia.es\/?attachment_id=214\" class=\"wp-image-214\"\/><\/figure><\/li><li class=\"blocks-gallery-item\"><figure><img loading=\"lazy\" decoding=\"async\" width=\"368\" height=\"342\" src=\"https:\/\/aluminisanoia.es\/wp-content\/uploads\/2019\/12\/alum031.jpg\" alt=\"\" data-id=\"213\" data-full-url=\"https:\/\/aluminisanoia.es\/wp-content\/uploads\/2019\/12\/alum031.jpg\" data-link=\"https:\/\/aluminisanoia.es\/?attachment_id=213\" class=\"wp-image-213\"\/><\/figure><\/li><li class=\"blocks-gallery-item\"><figure><img loading=\"lazy\" decoding=\"async\" width=\"368\" height=\"342\" src=\"https:\/\/aluminisanoia.es\/wp-content\/uploads\/2019\/12\/alum030-1.jpg\" alt=\"\" data-id=\"212\" data-full-url=\"https:\/\/aluminisanoia.es\/wp-content\/uploads\/2019\/12\/alum030-1.jpg\" data-link=\"https:\/\/aluminisanoia.es\/?attachment_id=212\" class=\"wp-image-212\"\/><\/figure><\/li><\/ul><\/figure>\n\n\n\n<h2 class=\"wp-block-heading\" id=\"title10-alum\">Mallorquinas<\/h2>\n\n\n\n<p>Las mallorquinas de aluminio, a diferencia de la madera, tienen larga longevidad y bajo coste de mantenimiento. La lama de una mallorquina puede ser abierta, cerrada u orientable; y por su sistema de apertura pueden ser correderas, practicables o de acorde\u00f3n. Existe una gran variedad de formas, colores y acabados.<\/p>\n\n\n\n<figure class=\"wp-block-gallery columns-4 is-cropped wp-block-gallery-7 is-layout-flex wp-block-gallery-is-layout-flex\"><ul class=\"blocks-gallery-grid\"><li class=\"blocks-gallery-item\"><figure><img loading=\"lazy\" decoding=\"async\" width=\"368\" height=\"342\" src=\"https:\/\/aluminisanoia.es\/wp-content\/uploads\/2019\/12\/alum036.jpg\" alt=\"\" data-id=\"218\" data-full-url=\"https:\/\/aluminisanoia.es\/wp-content\/uploads\/2019\/12\/alum036.jpg\" data-link=\"https:\/\/aluminisanoia.es\/?attachment_id=218\" class=\"wp-image-218\"\/><\/figure><\/li><li class=\"blocks-gallery-item\"><figure><img loading=\"lazy\" decoding=\"async\" width=\"368\" height=\"342\" src=\"https:\/\/aluminisanoia.es\/wp-content\/uploads\/2019\/12\/alum035.jpg\" alt=\"\" data-id=\"217\" data-full-url=\"https:\/\/aluminisanoia.es\/wp-content\/uploads\/2019\/12\/alum035.jpg\" data-link=\"https:\/\/aluminisanoia.es\/?attachment_id=217\" class=\"wp-image-217\"\/><\/figure><\/li><li class=\"blocks-gallery-item\"><figure><img loading=\"lazy\" decoding=\"async\" width=\"368\" height=\"342\" src=\"https:\/\/aluminisanoia.es\/wp-content\/uploads\/2019\/12\/alum034.jpg\" alt=\"\" data-id=\"216\" data-full-url=\"https:\/\/aluminisanoia.es\/wp-content\/uploads\/2019\/12\/alum034.jpg\" data-link=\"https:\/\/aluminisanoia.es\/?attachment_id=216\" class=\"wp-image-216\"\/><\/figure><\/li><li class=\"blocks-gallery-item\"><figure><img loading=\"lazy\" decoding=\"async\" width=\"368\" height=\"342\" src=\"https:\/\/aluminisanoia.es\/wp-content\/uploads\/2019\/12\/alum033.jpg\" alt=\"\" data-id=\"215\" data-full-url=\"https:\/\/aluminisanoia.es\/wp-content\/uploads\/2019\/12\/alum033.jpg\" data-link=\"https:\/\/aluminisanoia.es\/?attachment_id=215\" class=\"wp-image-215\"\/><\/figure><\/li><\/ul><\/figure>\n\n\n\n<h2 class=\"wp-block-heading\" id=\"title11-alum\">Muros Cortina<\/h2>\n\n\n\n<p>El valor est\u00e9tico de un edificio se define por el dise\u00f1o y el concepto de la fachada. Sin embargo, el aspecto \u00fanico del edificio no es s\u00f3lo una expresi\u00f3n arquitect\u00f3nica, tambi\u00e9n tiene que cumplir con importantes requisitos t\u00e9cnicos que mejoren las condiciones de vida y de trabajo del edificio. Estos requisitos se centran en el confort como la luz diurna, la ventilaci\u00f3n y el ahorro de energ\u00eda, y tambi\u00e9n en una mayor seguridad y estabilidad estructural.<\/p>\n\n\n\n<figure class=\"wp-block-image\"><img decoding=\"async\" src=\"https:\/\/web.archive.org\/web\/20180901035402im_\/http:\/\/aluminisanoia.com\/\/wp-content\/uploads\/2018\/05\/fachada-300x189.png\" alt=\"\" class=\"wp-image-120\"\/><\/figure>\n\n\n\n<h2 class=\"wp-block-heading\" id=\"title12-alum\">Barandas de Aluminio y Acero Inoxidable para Interiores-exteriores<\/h2>\n\n\n\n<p>Las barandas y barandillas brindan protecci\u00f3n en estructuras como balcones, escaleras, puentes y terrazas.  Generalmente se les a\u00f1ade vidrio en el interior, pero tambi\u00e9n pueden estar compuestas solo del material (aluminio o acero inoxidable).<\/p>\n\n\n\n<figure class=\"wp-block-image\"><img decoding=\"async\" src=\"https:\/\/web.archive.org\/web\/20180901035402im_\/http:\/\/aluminisanoia.com\/\/wp-content\/uploads\/2018\/05\/barandilla-300x108.png\" alt=\"\" class=\"wp-image-112\"\/><\/figure>\n\n\n\n<h2 class=\"wp-block-heading\" id=\"title13-alum\">Techos de aluminio<\/h2>\n\n\n\n<p>Con laminas de aluminio que clipan sobre los rastreles previamente instalados.\nDe f\u00e1cil montaje y desmontaje. \nGran variedad de colores y medidas de lamas adaptados a cada cliente.<\/p>\n\n\n\n<figure class=\"wp-block-gallery columns-3 is-cropped wp-block-gallery-8 is-layout-flex wp-block-gallery-is-layout-flex\"><ul class=\"blocks-gallery-grid\"><li class=\"blocks-gallery-item\"><figure><img loading=\"lazy\" decoding=\"async\" width=\"300\" height=\"179\" src=\"https:\/\/aluminisanoia.es\/wp-content\/uploads\/2019\/12\/alum047-300x179.jpg\" alt=\"\" data-id=\"219\" data-link=\"https:\/\/aluminisanoia.es\/?attachment_id=219\" class=\"wp-image-219\"\/><\/figure><\/li><li class=\"blocks-gallery-item\"><figure><img loading=\"lazy\" decoding=\"async\" width=\"368\" height=\"342\" src=\"https:\/\/aluminisanoia.es\/wp-content\/uploads\/2019\/12\/alum049.jpg\" alt=\"\" data-id=\"221\" data-full-url=\"https:\/\/aluminisanoia.es\/wp-content\/uploads\/2019\/12\/alum049.jpg\" data-link=\"https:\/\/aluminisanoia.es\/?attachment_id=221\" class=\"wp-image-221\"\/><\/figure><\/li><li class=\"blocks-gallery-item\"><figure><img loading=\"lazy\" decoding=\"async\" width=\"368\" height=\"342\" src=\"https:\/\/aluminisanoia.es\/wp-content\/uploads\/2019\/12\/alum048.jpg\" alt=\"\" data-id=\"220\" data-full-url=\"https:\/\/aluminisanoia.es\/wp-content\/uploads\/2019\/12\/alum048.jpg\" data-link=\"https:\/\/aluminisanoia.es\/?attachment_id=220\" class=\"wp-image-220\"\/><\/figure><\/li><\/ul><\/figure>\n\n\n\n<h2 class=\"wp-block-heading\" id=\"title14-alum\">Paneles de Alucobond<\/h2>\n\n\n\n<p>Se trata de un material para fachadas estable y flexible. Amortigua las vibraciones, es altamente resistente a la intemperie y a los golpes. Este material, est\u00e1 compuesto por dos planchas de aluminio y un n\u00facleo de pl\u00e1stico.\nSu facilidad de conformaci\u00f3n te da libertad en el dise\u00f1o y tiene amplia variedad de colores.<\/p>\n\n\n\n<figure class=\"wp-block-gallery columns-3 is-cropped wp-block-gallery-9 is-layout-flex wp-block-gallery-is-layout-flex\"><ul class=\"blocks-gallery-grid\"><li class=\"blocks-gallery-item\"><figure><img loading=\"lazy\" decoding=\"async\" width=\"347\" height=\"330\" src=\"https:\/\/aluminisanoia.es\/wp-content\/uploads\/2019\/12\/alum051.jpg\" alt=\"\" data-id=\"222\" data-full-url=\"https:\/\/aluminisanoia.es\/wp-content\/uploads\/2019\/12\/alum051.jpg\" data-link=\"https:\/\/aluminisanoia.es\/?attachment_id=222\" class=\"wp-image-222\"\/><\/figure><\/li><li class=\"blocks-gallery-item\"><figure><img loading=\"lazy\" decoding=\"async\" width=\"356\" height=\"267\" src=\"https:\/\/aluminisanoia.es\/wp-content\/uploads\/2019\/12\/alum052.jpg\" alt=\"\" data-id=\"223\" data-link=\"https:\/\/aluminisanoia.es\/?attachment_id=223\" class=\"wp-image-223\"\/><\/figure><\/li><li class=\"blocks-gallery-item\"><figure><img loading=\"lazy\" decoding=\"async\" width=\"368\" height=\"342\" src=\"https:\/\/aluminisanoia.es\/wp-content\/uploads\/2019\/12\/alum55-1.jpg\" alt=\"\" data-id=\"224\" data-full-url=\"https:\/\/aluminisanoia.es\/wp-content\/uploads\/2019\/12\/alum55-1.jpg\" data-link=\"https:\/\/aluminisanoia.es\/?attachment_id=224\" class=\"wp-image-224\"\/><\/figure><\/li><\/ul><\/figure>","protected":false},"excerpt":{"rendered":"<p>Productes alumini Finestres i balconeres Aquest model \u00e9s el m\u00e9s benvolgut quant a estanque\u00eftat es refereix, gr\u00e0cies a les seves 3 juntes de goma s&#8217;aconsegueix una gran hermeticitat. De f\u00e0cil neteja, en poder-se obrir les fulles 180 graus, gran ventilaci\u00f3 i pas en permetre obrir les seves fulles de bat a bat. Tant practicables com &hellip; <\/p>\n<p class=\"link-more\"><a href=\"https:\/\/aluminisanoia.es\/es\/alumini\/\" class=\"more-link\">Continuar leyendo<span class=\"screen-reader-text\"> &#8220;Alumini&#8221;<\/span><\/a><\/p>","protected":false},"author":1,"featured_media":0,"parent":0,"menu_order":0,"comment_status":"closed","ping_status":"closed","template":"","meta":{"footnotes":""},"class_list":["post-125","page","type-page","status-publish","hentry"],"_links":{"self":[{"href":"https:\/\/aluminisanoia.es\/es\/wp-json\/wp\/v2\/pages\/125","targetHints":{"allow":["GET"]}}],"collection":[{"href":"https:\/\/aluminisanoia.es\/es\/wp-json\/wp\/v2\/pages"}],"about":[{"href":"https:\/\/aluminisanoia.es\/es\/wp-json\/wp\/v2\/types\/page"}],"author":[{"embeddable":true,"href":"https:\/\/aluminisanoia.es\/es\/wp-json\/wp\/v2\/users\/1"}],"replies":[{"embeddable":true,"href":"https:\/\/aluminisanoia.es\/es\/wp-json\/wp\/v2\/comments?post=125"}],"version-history":[{"count":12,"href":"https:\/\/aluminisanoia.es\/es\/wp-json\/wp\/v2\/pages\/125\/revisions"}],"predecessor-version":[{"id":638,"href":"https:\/\/aluminisanoia.es\/es\/wp-json\/wp\/v2\/pages\/125\/revisions\/638"}],"wp:attachment":[{"href":"https:\/\/aluminisanoia.es\/es\/wp-json\/wp\/v2\/media?parent=125"}],"curies":[{"name":"wp","href":"https:\/\/api.w.org\/{rel}","templated":true}]}}