{"id":123,"date":"2019-12-13T11:57:51","date_gmt":"2019-12-13T11:57:51","guid":{"rendered":"https:\/\/aluminisanoia.es\/?page_id=123"},"modified":"2019-12-20T10:35:28","modified_gmt":"2019-12-20T10:35:28","slug":"historia","status":"publish","type":"page","link":"https:\/\/aluminisanoia.es\/es\/historia\/","title":{"rendered":"Historia"},"content":{"rendered":"<h2 class=\"wp-block-heading\">Quienes Somos?<\/h2>\n\n\n\n<p>Fundada en 1988, Aluminios de la Anoia es una empresa dedicada a la fabricaci\u00f3n propia de carpinter\u00eda de aluminio, fundamentalmente a constructoras y talleres profesionales, y tambi\u00e9n a clientes particulares.<\/p>\n\n\n\n<p>Nuestros valores como empresa son la innovaci\u00f3n, la sostenibilidad y la responsabilidad por un trabajo bien acabado y de calidad. Tenemos varios certificados que avalan nuestras buenas praxis y nuestros principales clientes resaltan el valor adicional que ofrecemos respecto al resto del mercado.<\/p>\n\n\n\n<p>Desde nuestra fundaci\u00f3n contamos con los mejores profesionales cualificados tanto en la reparaci\u00f3n como en la instalaci\u00f3n. A lo largo de este tiempo, gracias a la experiencia de nuestro equipo y su profesionalidad, nos hemos adaptado a las nuevas tecnolog\u00edas,  logrando alcanzar soluciones que garanticen la m\u00e1xima competitividad, seguridad y flexibilidad de los productos que fabricamos.<\/p>\n\n\n\n<p>Para ello, y para ofrecer un servicio completamente personalizado, en Aluminios de la Anoia desarrollamos nuestra actividad al servicio de cada cliente, ya que contamos con m\u00e1s de 500m2 de instalaciones y maquinaria, adem\u00e1s de veh\u00edculos propios.<\/p>","protected":false},"excerpt":{"rendered":"<p>Qui som? Fundada en 1988, Aluminis de l\u2019Anoia \u00e9s una empresa dedicada a la fabricaci\u00f3 pr\u00f2pia de fusteria d&#8217;alumini, fonamentalment a constructores i tallers professionals, i tamb\u00e9 a clients particulars. Els nostres valors com a empresa s\u00f3n la innovaci\u00f3, la sostenibilitat i la responsabilitat per un treball ben acabat i de qualitat. Tenim diversos certificats &hellip; <\/p>\n<p class=\"link-more\"><a href=\"https:\/\/aluminisanoia.es\/es\/historia\/\" class=\"more-link\">Continuar leyendo<span class=\"screen-reader-text\"> &#8220;Historia&#8221;<\/span><\/a><\/p>","protected":false},"author":1,"featured_media":0,"parent":0,"menu_order":0,"comment_status":"closed","ping_status":"closed","template":"","meta":{"footnotes":""},"class_list":["post-123","page","type-page","status-publish","hentry"],"_links":{"self":[{"href":"https:\/\/aluminisanoia.es\/es\/wp-json\/wp\/v2\/pages\/123","targetHints":{"allow":["GET"]}}],"collection":[{"href":"https:\/\/aluminisanoia.es\/es\/wp-json\/wp\/v2\/pages"}],"about":[{"href":"https:\/\/aluminisanoia.es\/es\/wp-json\/wp\/v2\/types\/page"}],"author":[{"embeddable":true,"href":"https:\/\/aluminisanoia.es\/es\/wp-json\/wp\/v2\/users\/1"}],"replies":[{"embeddable":true,"href":"https:\/\/aluminisanoia.es\/es\/wp-json\/wp\/v2\/comments?post=123"}],"version-history":[{"count":5,"href":"https:\/\/aluminisanoia.es\/es\/wp-json\/wp\/v2\/pages\/123\/revisions"}],"predecessor-version":[{"id":550,"href":"https:\/\/aluminisanoia.es\/es\/wp-json\/wp\/v2\/pages\/123\/revisions\/550"}],"wp:attachment":[{"href":"https:\/\/aluminisanoia.es\/es\/wp-json\/wp\/v2\/media?parent=123"}],"curies":[{"name":"wp","href":"https:\/\/api.w.org\/{rel}","templated":true}]}}